{"id":5351,"date":"2017-01-26T08:32:01","date_gmt":"2017-01-26T06:32:01","guid":{"rendered":"http:\/\/yelekdernegi.net\/tr\/?page_id=5351"},"modified":"2022-10-08T09:19:58","modified_gmt":"2022-10-08T06:19:58","slug":"yelek-fotograflari","status":"publish","type":"page","link":"http:\/\/yelekdernegi.net\/tr\/yelek-fotograflari\/","title":{"rendered":"Yelek Halk Foto\u011fraflar\u0131"},"content":{"rendered":"<h1 style=\"text-align: center;\">YELEK FOTO\u011eRAF S\u0130TES\u0130<\/h1>\n\n\n<figure class=\"wp-block-image size-full\"><img loading=\"lazy\" decoding=\"async\" width=\"273\" height=\"184\" src=\"https:\/\/yelekdernegi.net\/tr\/wp-content\/uploads\/2022\/10\/index.jpg\" alt=\"\" class=\"wp-image-9752\"\/><\/figure>\n","protected":false},"excerpt":{"rendered":"<p>YELEK FOTO\u011eRAF S\u0130TES\u0130<\/p>\n","protected":false},"author":8,"featured_media":0,"parent":0,"menu_order":0,"comment_status":"closed","ping_status":"closed","template":"","meta":{"footnotes":""},"class_list":["post-5351","page","type-page","status-publish","hentry"],"_links":{"self":[{"href":"http:\/\/yelekdernegi.net\/tr\/wp-json\/wp\/v2\/pages\/5351","targetHints":{"allow":["GET"]}}],"collection":[{"href":"http:\/\/yelekdernegi.net\/tr\/wp-json\/wp\/v2\/pages"}],"about":[{"href":"http:\/\/yelekdernegi.net\/tr\/wp-json\/wp\/v2\/types\/page"}],"author":[{"embeddable":true,"href":"http:\/\/yelekdernegi.net\/tr\/wp-json\/wp\/v2\/users\/8"}],"replies":[{"embeddable":true,"href":"http:\/\/yelekdernegi.net\/tr\/wp-json\/wp\/v2\/comments?post=5351"}],"version-history":[{"count":5,"href":"http:\/\/yelekdernegi.net\/tr\/wp-json\/wp\/v2\/pages\/5351\/revisions"}],"predecessor-version":[{"id":9753,"href":"http:\/\/yelekdernegi.net\/tr\/wp-json\/wp\/v2\/pages\/5351\/revisions\/9753"}],"wp:attachment":[{"href":"http:\/\/yelekdernegi.net\/tr\/wp-json\/wp\/v2\/media?parent=5351"}],"curies":[{"name":"wp","href":"https:\/\/api.w.org\/{rel}","templated":true}]}}