{"id":414,"date":"2014-04-24T17:28:35","date_gmt":"2014-04-24T14:28:35","guid":{"rendered":"http:\/\/yelekdernegi.net\/tr\/?page_id=414"},"modified":"2014-05-08T22:35:06","modified_gmt":"2014-05-08T19:35:06","slug":"universitelilerimiz","status":"publish","type":"page","link":"http:\/\/yelekdernegi.net\/tr\/kasabamiz\/universitelilerimiz\/","title":{"rendered":"\u00dcniversitelilerimiz"},"content":{"rendered":"<p style=\"text-align: center;\">\n\t<a href=\"http:\/\/yelekdernegi.net\/tr\/bilgi-ekle\/universitelilerimiz\/\" target=\"_blank\"><strong><span style=\"font-size:14px;\"><span style=\"font-family:georgia,serif;\">\u25baKAYIT B\u0130LD\u0130RMEK \u0130&Ccedil;\u0130N TIKLAYIN<\/span><\/span><\/strong><\/a>\n<\/p>\n<p>\n\t<iframe loading=\"lazy\" frameborder=\"0\" height=\"2000\" src=\"https:\/\/docs.google.com\/spreadsheet\/pub?key=0Am_4zCGOdDtcdDJPd1MtNDV2V203RS1XaEhqRkU0Q0E&amp;single=true&amp;gid=0&amp;output=html&amp;widget=true\" width=\"800\"><\/iframe><\/p>\n","protected":false},"excerpt":{"rendered":"<p>\u25baKAYIT B\u0130LD\u0130RMEK \u0130&Ccedil;\u0130N TIKLAYIN<\/p>\n","protected":false},"author":2,"featured_media":0,"parent":12,"menu_order":0,"comment_status":"open","ping_status":"closed","template":"","meta":{"footnotes":""},"class_list":["post-414","page","type-page","status-publish","hentry"],"_links":{"self":[{"href":"http:\/\/yelekdernegi.net\/tr\/wp-json\/wp\/v2\/pages\/414","targetHints":{"allow":["GET"]}}],"collection":[{"href":"http:\/\/yelekdernegi.net\/tr\/wp-json\/wp\/v2\/pages"}],"about":[{"href":"http:\/\/yelekdernegi.net\/tr\/wp-json\/wp\/v2\/types\/page"}],"author":[{"embeddable":true,"href":"http:\/\/yelekdernegi.net\/tr\/wp-json\/wp\/v2\/users\/2"}],"replies":[{"embeddable":true,"href":"http:\/\/yelekdernegi.net\/tr\/wp-json\/wp\/v2\/comments?post=414"}],"version-history":[{"count":20,"href":"http:\/\/yelekdernegi.net\/tr\/wp-json\/wp\/v2\/pages\/414\/revisions"}],"predecessor-version":[{"id":537,"href":"http:\/\/yelekdernegi.net\/tr\/wp-json\/wp\/v2\/pages\/414\/revisions\/537"}],"up":[{"embeddable":true,"href":"http:\/\/yelekdernegi.net\/tr\/wp-json\/wp\/v2\/pages\/12"}],"wp:attachment":[{"href":"http:\/\/yelekdernegi.net\/tr\/wp-json\/wp\/v2\/media?parent=414"}],"curies":[{"name":"wp","href":"https:\/\/api.w.org\/{rel}","templated":true}]}}