{"id":3628,"date":"2016-03-20T18:24:09","date_gmt":"2016-03-20T16:24:09","guid":{"rendered":"http:\/\/yelekdernegi.net\/tr\/?page_id=3628"},"modified":"2016-03-20T18:24:09","modified_gmt":"2016-03-20T16:24:09","slug":"nostalji-resimleri","status":"publish","type":"page","link":"http:\/\/yelekdernegi.net\/tr\/nostalji-resimleri\/","title":{"rendered":"NOSTALJ\u0130 RES\u0130MLER\u0130"},"content":{"rendered":"<h1>\u00a0 \u00a0 \u00a0 \u00a0 <span style=\"color: #ff0000;\">\u00a0NOSTALJ\u0130 RES\u0130MLER\u0130<\/span><\/h1>\n<h2>DE\u011eERL\u0130 HEM\u015eEHR\u0130LER\u0130M K\u00d6Y\u00dcM\u00dcZ HALK\u00a0 (NOSTALJ\u0130) RES\u0130MLER\u0130N\u0130\u00a0 <span style=\"color: #ff0000;\">\u201cFOTO\u011eRAFLAR+KAB\u0130LE FOTO\u011eRAFLARI\u201d\u00a0<\/span> \u00a0B\u00d6L\u00dcM\u00dcNDE SOY\u00a0 ADA G\u00d6RE YAYINLAMAYA BA\u015eLANMI\u015e OLUP, EKLENMEYEN RES\u0130MLER\u00a0 EKLENMEYE DEVAM ED\u0130LECEKT\u0130R.<\/h2>\n<h2>\u00a0 \u00a0 \u00a0 \u00a0 \u00a0 \u00a0 \u00a0 \u00a0 K\u00dcY\u00dcM\u00dcZDEN EBED\u0130YETE \u0130NT\u0130KAL ETM\u0130\u015e OLAN K\u00d6YL\u00dcM\u00dcZ HALKININ \u00a0EL\u0130NDE, A\u0130LES\u0130 VE YAKINLARINDA RES\u0130MLER\u0130\u00a0OLAN VAR \u0130SE\u00a0BU SAYFADA \u00a0O KAB\u0130LEN\u0130N SAYFASINDA YAYINLAMA ARZUSUNDAYIM K\u00d6Y\u00dcM\u00dcZDEN BU D\u00dcNYAYA\u00a0GELM\u0130\u015e VE B\u00dc\u00a0 D\u00dcNYADAN \u00a0\u00d6B\u00dcR ALEME G\u0130TM\u0130\u015e\u00a0 OLAN HEM\u015eEHR\u0130LER\u0130M\u0130Z\u0130N RES\u0130MLER\u0130N\u0130 A\u015eA\u011eIDAK\u0130 ADRESLERE G\u00d6NDER\u0130RLERSE EL\u0130ME GE\u00c7T\u0130\u011e\u0130 AN\u00a0 O \u00a0KAB\u0130LEN\u0130N SAYFASINDA YAYINLAYACA\u011eIM<\/h2>\n<h2>SAYGILARIMLA<\/h2>\n<h2><span style=\"color: #ff0000;\">NOT:<\/span><\/h2>\n<h3><span style=\"color: #ff0000;\">Resimleri g\u00f6nderirken kar\u0131\u015f\u0131kl\u0131\u011fa meydan verilmemesi a\u00e7\u0131s\u0131ndan hangi kabilenin oldu\u011funu ad\u0131 ve soyad\u0131n\u0131 yazarak\u00a0belirtirlerse memnun olurum.<\/span><\/h3>\n<h2><\/h2>\n<h2><span style=\"color: #ff0000;\">RES\u0130MLER\u0130 G\u00d6NDERECE\u011e\u0130N\u0130Z\u00a0 ADRESLER:<\/span><\/h2>\n<h2>e-Mail \u00a0\u00a0: \u00a0 \u00a0 \u00a0<a href=\"mailto:ruhi40@hotmail.cam\">ruhi40@hotmail.cam<\/a><\/h2>\n<h2>Facebaak:\u00a0\u00a0 <span style=\"color: #ff0000;\"><u>ruhisoylam\u0131\u015f\u00a0\u00a0\u00a0\u00a0 <\/u><\/span><\/h2>\n<h2>\u00a0\u00a0\u00a0\u00a0\u00a0\u00a0\u00a0\u00a0\u00a0\u00a0\u00a0\u00a0 (k\u00f6y\u00fcm\u00fcz halk\u0131n\u0131n \u00e7o\u011funlukla arkada\u015f olarak kay\u0131tl\u0131y\u0131m olmayanlar ise\u00a0 benim \u00a0facebook hesab\u0131ma\u00a0 mesaj \u00e7ekebilirler.<\/h2>\n","protected":false},"excerpt":{"rendered":"<p>\u00a0 \u00a0 \u00a0 \u00a0 \u00a0NOSTALJ\u0130 RES\u0130MLER\u0130 DE\u011eERL\u0130 HEM\u015eEHR\u0130LER\u0130M K\u00d6Y\u00dcM\u00dcZ HALK\u00a0 (NOSTALJ\u0130) RES\u0130MLER\u0130N\u0130\u00a0 \u201cFOTO\u011eRAFLAR+KAB\u0130LE FOTO\u011eRAFLARI\u201d\u00a0 \u00a0B\u00d6L\u00dcM\u00dcNDE SOY\u00a0 ADA G\u00d6RE YAYINLAMAYA BA\u015eLANMI\u015e OLUP, EKLENMEYEN RES\u0130MLER\u00a0 EKLENMEYE DEVAM ED\u0130LECEKT\u0130R. \u00a0 \u00a0 \u00a0 \u00a0 \u00a0 \u00a0 \u00a0 \u00a0 K\u00dcY\u00dcM\u00dcZDEN EBED\u0130YETE \u0130NT\u0130KAL ETM\u0130\u015e OLAN K\u00d6YL\u00dcM\u00dcZ HALKININ \u00a0EL\u0130NDE, A\u0130LES\u0130 VE YAKINLARINDA RES\u0130MLER\u0130\u00a0OLAN VAR \u0130SE\u00a0BU SAYFADA \u00a0O KAB\u0130LEN\u0130N SAYFASINDA YAYINLAMA ARZUSUNDAYIM K\u00d6Y\u00dcM\u00dcZDEN BU D\u00dcNYAYA\u00a0GELM\u0130\u015e VE B\u00dc\u00a0 D\u00dcNYADAN \u00a0\u00d6B\u00dcR ALEME G\u0130TM\u0130\u015e\u00a0 OLAN HEM\u015eEHR\u0130LER\u0130M\u0130Z\u0130N RES\u0130MLER\u0130N\u0130 A\u015eA\u011eIDAK\u0130 ADRESLERE G\u00d6NDER\u0130RLERSE EL\u0130ME GE\u00c7T\u0130\u011e\u0130 AN\u00a0 O \u00a0KAB\u0130LEN\u0130N SAYFASINDA YAYINLAYACA\u011eIM SAYGILARIMLA NOT: Resimleri g\u00f6nderirken kar\u0131\u015f\u0131kl\u0131\u011fa meydan verilmemesi a\u00e7\u0131s\u0131ndan hangi kabilenin oldu\u011funu ad\u0131 ve soyad\u0131n\u0131 yazarak\u00a0belirtirlerse memnun olurum. RES\u0130MLER\u0130 G\u00d6NDERECE\u011e\u0130N\u0130Z\u00a0 ADRESLER: e-Mail \u00a0\u00a0: \u00a0 \u00a0 \u00a0ruhi40@hotmail.cam Facebaak:\u00a0\u00a0 ruhisoylam\u0131\u015f\u00a0\u00a0\u00a0\u00a0 \u00a0\u00a0\u00a0\u00a0\u00a0\u00a0\u00a0\u00a0\u00a0\u00a0\u00a0\u00a0 (k\u00f6y\u00fcm\u00fcz halk\u0131n\u0131n \u00e7o\u011funlukla arkada\u015f olarak kay\u0131tl\u0131y\u0131m olmayanlar ise\u00a0 benim \u00a0facebook hesab\u0131ma\u00a0 mesaj \u00e7ekebilirler.<\/p>\n","protected":false},"author":8,"featured_media":0,"parent":0,"menu_order":0,"comment_status":"open","ping_status":"closed","template":"","meta":{"footnotes":""},"class_list":["post-3628","page","type-page","status-publish","hentry"],"_links":{"self":[{"href":"http:\/\/yelekdernegi.net\/tr\/wp-json\/wp\/v2\/pages\/3628","targetHints":{"allow":["GET"]}}],"collection":[{"href":"http:\/\/yelekdernegi.net\/tr\/wp-json\/wp\/v2\/pages"}],"about":[{"href":"http:\/\/yelekdernegi.net\/tr\/wp-json\/wp\/v2\/types\/page"}],"author":[{"embeddable":true,"href":"http:\/\/yelekdernegi.net\/tr\/wp-json\/wp\/v2\/users\/8"}],"replies":[{"embeddable":true,"href":"http:\/\/yelekdernegi.net\/tr\/wp-json\/wp\/v2\/comments?post=3628"}],"version-history":[{"count":1,"href":"http:\/\/yelekdernegi.net\/tr\/wp-json\/wp\/v2\/pages\/3628\/revisions"}],"predecessor-version":[{"id":3629,"href":"http:\/\/yelekdernegi.net\/tr\/wp-json\/wp\/v2\/pages\/3628\/revisions\/3629"}],"wp:attachment":[{"href":"http:\/\/yelekdernegi.net\/tr\/wp-json\/wp\/v2\/media?parent=3628"}],"curies":[{"name":"wp","href":"https:\/\/api.w.org\/{rel}","templated":true}]}}