{"id":27,"date":"2014-04-20T11:57:01","date_gmt":"2014-04-20T08:57:01","guid":{"rendered":"http:\/\/yelekdernegi.net\/tr\/?page_id=27"},"modified":"2021-07-21T09:55:11","modified_gmt":"2021-07-21T06:55:11","slug":"kurulus","status":"publish","type":"page","link":"http:\/\/yelekdernegi.net\/tr\/kurulus\/","title":{"rendered":"Kurulu\u015f"},"content":{"rendered":"\n<figure class=\"wp-block-image size-large is-resized is-style-rounded\"><img loading=\"lazy\" decoding=\"async\" src=\"http:\/\/yelekdernegi.net\/tr\/wp-content\/uploads\/2021\/07\/Untitled-1.jpg\" alt=\"\" class=\"wp-image-9074\" width=\"318\" height=\"317\" srcset=\"https:\/\/yelekdernegi.net\/tr\/wp-content\/uploads\/2021\/07\/Untitled-1.jpg 732w, https:\/\/yelekdernegi.net\/tr\/wp-content\/uploads\/2021\/07\/Untitled-1-300x298.jpg 300w, https:\/\/yelekdernegi.net\/tr\/wp-content\/uploads\/2021\/07\/Untitled-1-150x150.jpg 150w\" sizes=\"auto, (max-width: 318px) 100vw, 318px\" \/><\/figure>\n\n\n\n<p>KURULU\u015eU<\/p>\n\n\n\n<p>Yelek Kasabas\u0131 Sosyal Dayan\u0131\u015fma Derne\u011fi, Kom\u015fular\u0131m\u0131zdan birisinin d\u00fc\u011f\u00fcn\u00fcnde, sohbet esnas\u0131nda kasabam\u0131z ad\u0131na bir dernek kural\u0131m. Ankara\u2019da ve yurdun de\u011fi\u015fik \u0130llerinde bulunan , kasabam\u0131zda bulunan hem\u015ferilerimizle kopan ba\u011flar\u0131n yeniden g\u00fc\u00e7lenip kuvvetlenmesine duyulan \u00f6zlemin sonucu Ankara\u2019da ikamet eden baz\u0131 Yelek Kasabas\u0131 sakinleri taraf\u0131ndan ortaya at\u0131lan fikrin hayata ge\u00e7irilmesi sonucu derne\u011fin ilk harc\u0131 at\u0131lm\u0131\u015f oldu.(Tarih 1992)<\/p>\n\n\n\n<p>Ankara\u2019de Muhasebe b\u00fcrosu bulunan \u0130lhami KULAKSIZ\u2019\u0131n b\u00fcrosunda Kas\u0131m KULAKSIZ, Abdullah CAVU\u015e, Hasan KULAKSIZ, Fikret \u00c7OBAN, Ruhi SOYLAMI\u015e, Abdurrahman KULAKSIZ, \u0130lhami KULAKSIZ, \u0130smail ORMAN. Muammer SATILMI\u015e, Cavat KULAKSIZ, Mesut DEM\u0130RHAN, Muzaffer \u00c7AVU\u015e, Bekir \u00c7OBAN ve Ferit \u00c7OBAN toplanarak dernek kurmaya karar vermi\u015flerdir. Daha sonra \u00e7al\u0131\u015fmalar\u0131na devam ederek 21 Eyl\u00fcl 1993 tarihinden itibaren defterler tasdik ettirilerek t\u00fcz\u00fck haz\u0131rl\u0131klar\u0131na ba\u015flan\u0131lm\u0131\u015ft\u0131r.<br \/>Muzaffer \u00c7AVU\u015e Etlik\u2019deki d\u00fckkan\u0131n\u0131 Derne\u011fe tahsis ederek Dernek Genel Merkezi olarak faaliyete ge\u00e7mi\u015f ve 26.12.1993 tarihinde ise Dernek ilk Genel Kurulunu yaparak, Kas\u0131m KULAKSIZ, Ferit (Fikret) \u00c7OBAN, Teoman KULAKSIZ Selahattin ORMAN ve Bekir \u00c7OBAN se\u00e7ilmi\u015flerdir.<\/p>\n\n\n\n<p>28.01.1996 tarihinde yap\u0131lan Ola\u011fan Genel Kurul Toplant\u0131s\u0131nda ise Ferit (Fikret) \u00c7OBAN, Selahattin ORMAN, Tahsin \u00c7ER\u0130BA\u015eI, Ertan (Menderes) KULAKSIZ ve Bekir \u00c7OBAN se\u00e7ilmi\u015flerdir.<\/p>\n\n\n\n<p>07.01.2001 tarihinde ise Ola\u011fan Genel Kurulunu Adem YA\u011eMUR\u2019un Ke\u00e7i\u00f6ren\u2019deki d\u00fckkan\u0131nda yaparak:<\/p>\n\n\n\n<p>Y\u00d6NET\u0130M KURULU :<br \/>Dernek Ba\u015fkan\u0131 : Adem YA\u011eMUR<br \/>Ba\u015fkan Yard\u0131mc\u0131s\u0131 : Abdurrahman KULAKSIZ<br \/>Sekreter : Ruhi SOYLAMI\u015e<br \/>Muhasip : Hanifi ORMAN<br \/>\u00dcye : Naz\u0131m SATILMI\u015e<\/p>\n\n\n\n<p>Y\u00d6NET\u0130M YEDEKLER:<br \/>\u0130smail ORMAN<br \/>Salih ATAY<br \/>Bekir SOLAK<br \/>Farik DEM\u0130RHAN<br \/>Farik ORMAN<\/p>\n\n\n\n<p>DEN\u0130T\u0130M KURULU :<br \/>Orhan SATILMI\u015e<br \/>Ya\u015far KULAKSIZ<br \/>Ey\u00fcp KULFEL<\/p>\n\n\n\n<p>DENET\u0130M YEDEK<br \/>Elvan SOYLAMI\u015e<br \/>Ziya KULFEL<br \/>Turan SATILMI\u015e<\/p>\n\n\n\n<p>Bu y\u00f6netim zaman\u0131nda Dernek Ba\u015fkan\u0131 olarak (Adem YA\u011eMUR) yurt d\u0131\u015f\u0131na giderek, yurt d\u0131\u015f\u0131ndaki hem\u015ferilerimizin ba\u011f\u0131\u015flar\u0131yla 2002 Y\u0131l\u0131nda Yelek Kasabas\u0131 Sosyal Dayan\u0131\u015fma Derne\u011fi ad\u0131na kay\u0131tl\u0131 yer sat\u0131n al\u0131narak Dernek Merkezi olarak faaliyet g\u00f6stermektedir.<br \/>19.01.2003 tarihinde Derne\u011fin kendi binas\u0131nda yap\u0131lan Ola\u011fan Genel Kurul toplant\u0131s\u0131nda ise; bir \u00f6nceki Y\u00f6netim Kurulu \u00dcyeleri yeniden se\u00e7ilerek g\u00f6reve devam etmektedirler.<\/p>\n","protected":false},"excerpt":{"rendered":"<p>KURULU\u015eU Yelek Kasabas\u0131 Sosyal Dayan\u0131\u015fma Derne\u011fi, Kom\u015fular\u0131m\u0131zdan birisinin d\u00fc\u011f\u00fcn\u00fcnde, sohbet esnas\u0131nda kasabam\u0131z ad\u0131na bir dernek kural\u0131m. Ankara\u2019da ve yurdun de\u011fi\u015fik \u0130llerinde bulunan , kasabam\u0131zda bulunan hem\u015ferilerimizle kopan ba\u011flar\u0131n yeniden g\u00fc\u00e7lenip kuvvetlenmesine duyulan \u00f6zlemin sonucu Ankara\u2019da ikamet eden baz\u0131 Yelek Kasabas\u0131 sakinleri taraf\u0131ndan ortaya at\u0131lan fikrin hayata ge\u00e7irilmesi sonucu derne\u011fin ilk harc\u0131 at\u0131lm\u0131\u015f oldu.(Tarih 1992) Ankara\u2019de Muhasebe b\u00fcrosu bulunan \u0130lhami KULAKSIZ\u2019\u0131n b\u00fcrosunda Kas\u0131m KULAKSIZ, Abdullah CAVU\u015e, Hasan KULAKSIZ, Fikret \u00c7OBAN, Ruhi SOYLAMI\u015e, Abdurrahman KULAKSIZ, \u0130lhami KULAKSIZ, \u0130smail ORMAN. Muammer SATILMI\u015e, Cavat KULAKSIZ, Mesut DEM\u0130RHAN, Muzaffer \u00c7AVU\u015e, Bekir \u00c7OBAN ve Ferit \u00c7OBAN toplanarak dernek kurmaya karar vermi\u015flerdir. Daha sonra \u00e7al\u0131\u015fmalar\u0131na devam ederek 21 Eyl\u00fcl 1993 tarihinden itibaren defterler tasdik ettirilerek t\u00fcz\u00fck haz\u0131rl\u0131klar\u0131na ba\u015flan\u0131lm\u0131\u015ft\u0131r.Muzaffer \u00c7AVU\u015e Etlik\u2019deki d\u00fckkan\u0131n\u0131 Derne\u011fe tahsis ederek Dernek Genel Merkezi olarak faaliyete ge\u00e7mi\u015f ve 26.12.1993 tarihinde ise Dernek ilk Genel Kurulunu yaparak, Kas\u0131m KULAKSIZ, Ferit (Fikret) \u00c7OBAN, Teoman KULAKSIZ Selahattin ORMAN ve Bekir \u00c7OBAN se\u00e7ilmi\u015flerdir. 28.01.1996 tarihinde yap\u0131lan Ola\u011fan Genel Kurul Toplant\u0131s\u0131nda ise Ferit (Fikret) \u00c7OBAN, Selahattin ORMAN, Tahsin \u00c7ER\u0130BA\u015eI, Ertan (Menderes) KULAKSIZ ve Bekir \u00c7OBAN se\u00e7ilmi\u015flerdir. 07.01.2001 tarihinde ise Ola\u011fan Genel Kurulunu Adem YA\u011eMUR\u2019un Ke\u00e7i\u00f6ren\u2019deki d\u00fckkan\u0131nda yaparak: Y\u00d6NET\u0130M KURULU :Dernek Ba\u015fkan\u0131 : Adem YA\u011eMURBa\u015fkan Yard\u0131mc\u0131s\u0131 : Abdurrahman KULAKSIZSekreter : Ruhi SOYLAMI\u015eMuhasip : Hanifi ORMAN\u00dcye : Naz\u0131m SATILMI\u015e Y\u00d6NET\u0130M YEDEKLER:\u0130smail ORMANSalih ATAYBekir SOLAKFarik DEM\u0130RHANFarik ORMAN DEN\u0130T\u0130M KURULU :Orhan SATILMI\u015eYa\u015far KULAKSIZEy\u00fcp KULFEL DENET\u0130M YEDEKElvan SOYLAMI\u015eZiya KULFELTuran SATILMI\u015e Bu y\u00f6netim zaman\u0131nda Dernek Ba\u015fkan\u0131 olarak (Adem YA\u011eMUR) yurt d\u0131\u015f\u0131na giderek, yurt d\u0131\u015f\u0131ndaki hem\u015ferilerimizin ba\u011f\u0131\u015flar\u0131yla 2002 Y\u0131l\u0131nda Yelek Kasabas\u0131 Sosyal Dayan\u0131\u015fma Derne\u011fi ad\u0131na kay\u0131tl\u0131 yer sat\u0131n al\u0131narak Dernek Merkezi olarak faaliyet g\u00f6stermektedir.19.01.2003 tarihinde Derne\u011fin kendi binas\u0131nda yap\u0131lan Ola\u011fan Genel Kurul toplant\u0131s\u0131nda ise; bir \u00f6nceki Y\u00f6netim Kurulu \u00dcyeleri yeniden se\u00e7ilerek g\u00f6reve devam etmektedirler.<\/p>\n","protected":false},"author":8,"featured_media":0,"parent":0,"menu_order":0,"comment_status":"open","ping_status":"closed","template":"","meta":{"footnotes":""},"class_list":["post-27","page","type-page","status-publish","hentry"],"_links":{"self":[{"href":"http:\/\/yelekdernegi.net\/tr\/wp-json\/wp\/v2\/pages\/27","targetHints":{"allow":["GET"]}}],"collection":[{"href":"http:\/\/yelekdernegi.net\/tr\/wp-json\/wp\/v2\/pages"}],"about":[{"href":"http:\/\/yelekdernegi.net\/tr\/wp-json\/wp\/v2\/types\/page"}],"author":[{"embeddable":true,"href":"http:\/\/yelekdernegi.net\/tr\/wp-json\/wp\/v2\/users\/8"}],"replies":[{"embeddable":true,"href":"http:\/\/yelekdernegi.net\/tr\/wp-json\/wp\/v2\/comments?post=27"}],"version-history":[{"count":3,"href":"http:\/\/yelekdernegi.net\/tr\/wp-json\/wp\/v2\/pages\/27\/revisions"}],"predecessor-version":[{"id":9095,"href":"http:\/\/yelekdernegi.net\/tr\/wp-json\/wp\/v2\/pages\/27\/revisions\/9095"}],"wp:attachment":[{"href":"http:\/\/yelekdernegi.net\/tr\/wp-json\/wp\/v2\/media?parent=27"}],"curies":[{"name":"wp","href":"https:\/\/api.w.org\/{rel}","templated":true}]}}