{"id":232,"date":"2014-04-20T16:59:25","date_gmt":"2014-04-20T13:59:25","guid":{"rendered":"http:\/\/yelekdernegi.net\/tr\/?page_id=232"},"modified":"2021-12-18T11:40:43","modified_gmt":"2021-12-18T08:40:43","slug":"hakkinda-2","status":"publish","type":"page","link":"http:\/\/yelekdernegi.net\/tr\/kasabamiz\/hakkinda-2\/","title":{"rendered":"Hakk\u0131nda"},"content":{"rendered":"<p><span style=\"font-size: 14px;\"><span style=\"font-family: georgia,serif;\">K\u00f6y\u00fcm\u00fcz K\u0131r\u015fehir ili Kaman il\u00e7esine ba\u011fl\u0131 \u015firin bir k\u0131rsal yerle\u015fim yeridir. Kaman\u2019a 10, K\u0131r\u015fehir\u2019e 65, Ankara\u2019ya ise 150 km mesafededir. 2014 y\u0131l\u0131na kadar belde (kasaba) stat\u00fcs\u00fcnde olan k\u00f6y\u00fcm\u00fcz, 2014 y\u0131l\u0131 mart ay\u0131 yerel se\u00e7imlerinden itibaren ge\u00e7erlilik g\u00f6steren 5215 Say\u0131l\u0131 Belediyeler Kanunu gere\u011fince, n\u00fcfusu 2000 in alt\u0131nda oldu\u011fundan dolay\u0131 k\u00f6y stat\u00fcs\u00fcne d\u00fc\u015f\u00fcr\u00fclm\u00fc\u015ft\u00fcr. 2013 Y\u0131l\u0131 Adrese Dayal\u0131 N\u00fcfus Kay\u0131t Sistemi sonu\u00e7lar\u0131na g\u00f6re k\u00f6y\u00fcm\u00fcz\u00fcn n\u00fcfusu 771\u00a0 (366 Erkek, 405 Kad\u0131n)\u2019 dir. K\u00f6y\u00fcm\u00fczde 1 adet sa\u011fl\u0131k oca\u011f\u0131, 1 adet camii, 1 adet kur \u2019an kursu faaliyet g\u00f6stermektedir. Bunlar\u0131n yan\u0131 s\u0131ra 2 adet bakkal d\u00fckk\u00e2n\u0131, 1 adet kahvehane ve bir adet de PTT \u015fubesi bulunmaktad\u0131r.<\/span><\/span><\/p>\n<p><span style=\"font-size: 14px;\"><span style=\"font-family: georgia,serif;\">\u00a0\u00a0\u00a0\u00a0\u00a0\u00a0\u00a0\u00a0\u00a0\u00a0\u00a0\u00a0\u00a0\u00a0\u00a0 K\u00f6yl\u00fcn\u00fcn en b\u00fcy\u00fck ge\u00e7im kayna\u011f\u0131 tar\u0131md\u0131r. B\u00f6lgede karasal iklim h\u00e2kim oldu\u011fundan \u00fcr\u00fcn \u00e7e\u015fitlili\u011fi fazla olmasa da verimli tar\u0131m arazilerine ve meralara sahiptir. Yelekli kad\u0131nlar\u0131m\u0131z\u0131n Kaman Sebze Pazar\u0131\u2019ndaki pay\u0131 olduk\u00e7a geni\u015ftir. Bunun temel sebebi kalite ve g\u00fcvenilirliktir. K\u00f6yl\u00fc kad\u0131nlar\u0131m\u0131z sebze \u00fcretiminde organik standartlara yak\u0131n bir \u00fcretim politikas\u0131 izlemekte ve kimyasal g\u00fcbre d\u0131\u015f\u0131nda neredeyse hi\u00e7 zirai ila\u00e7 kullanmamaktad\u0131rlar. \u00a0Temel sebzelerin yan\u0131nda fasulyesi de olduk\u00e7a me\u015fhurdur. \u00c7ift\u00e7ilerimiz ise daha \u00e7ok tah\u0131l \u00fcretimi yaparlar. Arpa, bu\u011fday, ay \u00e7ekirde\u011fi ve nohut b\u00f6lgede \u00fcretilen ba\u015fl\u0131ca tah\u0131l \u00fcr\u00fcnleridir. K\u00f6yde \u00fcretilip b\u00f6lgede ra\u011fbet g\u00f6ren, en me\u015fhur iki \u00fcr\u00fcn\u00fc cevizi ve \u00fcz\u00fcm pekmezidir. Ayr\u0131ca k\u00f6y\u00fcm\u00fczde tar\u0131mla birlikte verimli otlaklara sahip olmas\u0131n\u0131n da etkisiyle az da olsa k\u00fc\u00e7\u00fck ve b\u00fcy\u00fckba\u015f hayvan yeti\u015ftiricili\u011fi de vard\u0131r. \u00d6nceleri hayvan yeti\u015ftiricili\u011fi k\u00f6yde yayg\u0131nken, son zamanlarda \u00e7ift\u00e7inin bu i\u015ften \u00e7ok fazla k\u00e2r elde edememesinden dolay\u0131 bu durumda g\u00f6zle g\u00f6r\u00fcl\u00fcr bir azalma meydana gelmi\u015ftir.<\/span><\/span><\/p>\n<p><span style=\"font-size: 14px;\"><span style=\"font-family: georgia,serif;\">\u00a0\u00a0\u00a0\u00a0\u00a0\u00a0\u00a0\u00a0\u00a0\u00a0\u00a0\u00a0\u00a0\u00a0\u00a0 K\u00f6y\u00fcm\u00fcz\u00fc, s\u0131n\u0131rlar\u0131 d\u0131\u015f\u0131nda temsil eden iki adet dernek bulunmaktad\u0131r. Bunlardan ilki 1993 y\u0131l\u0131nda Ankara\u2019da kurulan \u2018\u2019Yelek Kasabas\u0131 sosyal Dayan\u0131\u015fma ve K\u00fclt\u00fcr Derne\u011fi\u2019\u2019, ikincisi ise Almanya\u2019daki Yelek\u2019li gurbet\u00e7ilerimizin birbirleri aras\u0131ndaki ba\u011f\u0131 koparmamak ad\u0131na kurulmu\u015f olan Frankfurt\u2019taki \u2018\u2019Yelek Kasabas\u0131 K\u00fclt\u00fcr Derne\u011fi (Resmi ad\u0131 Yelek Kasabas\u0131 Kulturverein e.V.)\u2019\u2019dir. Bu iki derne\u011fimizin d\u0131\u015f\u0131nda k\u00f6y\u00fcm\u00fczde faaliyet g\u00f6steren \u2018\u2019Yelek Kasabas\u0131 Cami Yapt\u0131rma ve Ya\u015fatma Derne\u011fi\u2019\u2019 ad\u0131nda bir derne\u011fimiz vard\u0131r. Bu derne\u011fimiz yaln\u0131zca k\u00f6y camiimizin ve kur\u2019an kursumuzun s\u0131k\u0131nt\u0131lar\u0131yla ilgilenmekle kalmay\u0131p, k\u00f6y\u00fcm\u00fcz\u00fcn her t\u00fcrl\u00fc genel maddi ihtiya\u00e7lar\u0131n\u0131 (yol ve \u00e7evre d\u00fczenlemesi, vs\u2026) da kar\u015f\u0131lamak i\u00e7in \u00e7al\u0131\u015fmalar y\u00fcr\u00fctmektedir.<\/span><\/span><\/p>\n<p><span style=\"font-size: 14px;\"><span style=\"font-family: georgia,serif;\"><strong><u>K\u00d6Y\u00dcM\u00dcZE NASIIL ULA\u015eIRSINIZ:<\/u><\/strong><\/span><\/span><\/p>\n<p><span style=\"font-size: 14px;\"><span style=\"font-family: georgia,serif;\"><strong>1-<\/strong><strong><u>Ankara\u2019dan: <\/u><\/strong>A\u015eT\u0130\u2019DEN Kaman\u2019a her g\u00fcn saat 08:00-18:30 aras\u0131 her bir bu\u00e7uk saatte bir Metro Turizm firmas\u0131nca otob\u00fcs kald\u0131r\u0131lmaktad\u0131r. Bilet fiyat\u0131 60 tl\u2019 dir.(2021 y\u0131l\u0131)<\/span><\/span><\/p>\n<p><span style=\"font-size: 14px;\"><span style=\"font-family: georgia,serif;\"><strong>2-<\/strong><strong><u>K\u0131r\u015fehir\u2019den:<\/u><\/strong> K\u0131r\u015fehir Cumhuriyet \u0130lk ve Ortaokulu kar\u015f\u0131s\u0131nda bulunan Yeni Ufuk Seyahat Acentesi\u2019nden Kaman\u2019a her g\u00fcn saat 08:00-18:00 aras\u0131 minib\u00fcs kald\u0131r\u0131lmaktad\u0131r. Bilet fiyat\u0131 7,5 tl\u2019 dir.<\/span><\/span><\/p>\n<p><span style=\"font-size: 14px;\"><span style=\"font-family: georgia,serif;\"><strong>3-<\/strong><strong><u>Kaman\u2019dan: <\/u><\/strong>\u00a0Kaman \u00c7ar\u015f\u0131 Meydan\u0131\u2019nda Toki Minib\u00fcs Dura\u011f\u0131 kar\u015f\u0131s\u0131nda Yelek Dura\u011f\u0131 bulunmaktad\u0131r. Yelek\u2019li k\u00f6yl\u00fclerimiz taraf\u0131ndan i\u015fletilen minib\u00fcslere ya da dolmu\u015f taksilere binerek k\u00f6y\u00fcm\u00fcze ula\u015fabilirsiniz.<\/span><\/span><\/p>\n","protected":false},"excerpt":{"rendered":"<p>K\u00f6y\u00fcm\u00fcz K\u0131r\u015fehir ili Kaman il\u00e7esine ba\u011fl\u0131 \u015firin bir k\u0131rsal yerle\u015fim yeridir. Kaman\u2019a 10, K\u0131r\u015fehir\u2019e 65, Ankara\u2019ya ise 150 km mesafededir. 2014 y\u0131l\u0131na kadar belde (kasaba) stat\u00fcs\u00fcnde olan k\u00f6y\u00fcm\u00fcz, 2014 y\u0131l\u0131 mart ay\u0131 yerel se\u00e7imlerinden itibaren ge\u00e7erlilik g\u00f6steren 5215 Say\u0131l\u0131 Belediyeler Kanunu gere\u011fince, n\u00fcfusu 2000 in alt\u0131nda oldu\u011fundan dolay\u0131 k\u00f6y stat\u00fcs\u00fcne d\u00fc\u015f\u00fcr\u00fclm\u00fc\u015ft\u00fcr. 2013 Y\u0131l\u0131 Adrese Dayal\u0131 N\u00fcfus Kay\u0131t Sistemi sonu\u00e7lar\u0131na g\u00f6re k\u00f6y\u00fcm\u00fcz\u00fcn n\u00fcfusu 771\u00a0 (366 Erkek, 405 Kad\u0131n)\u2019 dir. K\u00f6y\u00fcm\u00fczde 1 adet sa\u011fl\u0131k oca\u011f\u0131, 1 adet camii, 1 adet kur \u2019an kursu faaliyet g\u00f6stermektedir. Bunlar\u0131n yan\u0131 s\u0131ra 2 adet bakkal d\u00fckk\u00e2n\u0131, 1 adet kahvehane ve bir adet de PTT \u015fubesi bulunmaktad\u0131r. \u00a0\u00a0\u00a0\u00a0\u00a0\u00a0\u00a0\u00a0\u00a0\u00a0\u00a0\u00a0\u00a0\u00a0\u00a0 K\u00f6yl\u00fcn\u00fcn en b\u00fcy\u00fck ge\u00e7im kayna\u011f\u0131 tar\u0131md\u0131r. B\u00f6lgede karasal iklim h\u00e2kim oldu\u011fundan \u00fcr\u00fcn \u00e7e\u015fitlili\u011fi fazla olmasa da verimli tar\u0131m arazilerine ve meralara sahiptir. Yelekli kad\u0131nlar\u0131m\u0131z\u0131n Kaman Sebze Pazar\u0131\u2019ndaki pay\u0131 olduk\u00e7a geni\u015ftir. Bunun temel sebebi kalite ve g\u00fcvenilirliktir. K\u00f6yl\u00fc kad\u0131nlar\u0131m\u0131z sebze \u00fcretiminde organik standartlara yak\u0131n bir \u00fcretim politikas\u0131 izlemekte ve kimyasal g\u00fcbre d\u0131\u015f\u0131nda neredeyse hi\u00e7 zirai ila\u00e7 kullanmamaktad\u0131rlar. \u00a0Temel sebzelerin yan\u0131nda fasulyesi de olduk\u00e7a me\u015fhurdur. \u00c7ift\u00e7ilerimiz ise daha \u00e7ok tah\u0131l \u00fcretimi yaparlar. Arpa, bu\u011fday, ay \u00e7ekirde\u011fi ve nohut b\u00f6lgede \u00fcretilen ba\u015fl\u0131ca tah\u0131l \u00fcr\u00fcnleridir. K\u00f6yde \u00fcretilip b\u00f6lgede ra\u011fbet g\u00f6ren, en me\u015fhur iki \u00fcr\u00fcn\u00fc cevizi ve \u00fcz\u00fcm pekmezidir. Ayr\u0131ca k\u00f6y\u00fcm\u00fczde tar\u0131mla birlikte verimli otlaklara sahip olmas\u0131n\u0131n da etkisiyle az da olsa k\u00fc\u00e7\u00fck ve b\u00fcy\u00fckba\u015f hayvan yeti\u015ftiricili\u011fi de vard\u0131r. \u00d6nceleri hayvan yeti\u015ftiricili\u011fi k\u00f6yde yayg\u0131nken, son zamanlarda \u00e7ift\u00e7inin bu i\u015ften \u00e7ok fazla k\u00e2r elde edememesinden dolay\u0131 bu durumda g\u00f6zle g\u00f6r\u00fcl\u00fcr bir azalma meydana gelmi\u015ftir. \u00a0\u00a0\u00a0\u00a0\u00a0\u00a0\u00a0\u00a0\u00a0\u00a0\u00a0\u00a0\u00a0\u00a0\u00a0 K\u00f6y\u00fcm\u00fcz\u00fc, s\u0131n\u0131rlar\u0131 d\u0131\u015f\u0131nda temsil eden iki adet dernek bulunmaktad\u0131r. Bunlardan ilki 1993 y\u0131l\u0131nda Ankara\u2019da kurulan \u2018\u2019Yelek Kasabas\u0131 sosyal Dayan\u0131\u015fma ve K\u00fclt\u00fcr Derne\u011fi\u2019\u2019, ikincisi ise Almanya\u2019daki Yelek\u2019li gurbet\u00e7ilerimizin birbirleri aras\u0131ndaki ba\u011f\u0131 koparmamak ad\u0131na kurulmu\u015f olan Frankfurt\u2019taki \u2018\u2019Yelek Kasabas\u0131 K\u00fclt\u00fcr Derne\u011fi (Resmi ad\u0131 Yelek Kasabas\u0131 Kulturverein e.V.)\u2019\u2019dir. Bu iki derne\u011fimizin d\u0131\u015f\u0131nda k\u00f6y\u00fcm\u00fczde faaliyet g\u00f6steren \u2018\u2019Yelek Kasabas\u0131 Cami Yapt\u0131rma ve Ya\u015fatma Derne\u011fi\u2019\u2019 ad\u0131nda bir derne\u011fimiz vard\u0131r. Bu derne\u011fimiz yaln\u0131zca k\u00f6y camiimizin ve kur\u2019an kursumuzun s\u0131k\u0131nt\u0131lar\u0131yla ilgilenmekle kalmay\u0131p, k\u00f6y\u00fcm\u00fcz\u00fcn her t\u00fcrl\u00fc genel maddi ihtiya\u00e7lar\u0131n\u0131 (yol ve \u00e7evre d\u00fczenlemesi, vs\u2026) da kar\u015f\u0131lamak i\u00e7in \u00e7al\u0131\u015fmalar y\u00fcr\u00fctmektedir. K\u00d6Y\u00dcM\u00dcZE NASIIL ULA\u015eIRSINIZ: 1-Ankara\u2019dan: A\u015eT\u0130\u2019DEN Kaman\u2019a her g\u00fcn saat 08:00-18:30 aras\u0131 her bir bu\u00e7uk saatte bir Metro Turizm firmas\u0131nca otob\u00fcs kald\u0131r\u0131lmaktad\u0131r. Bilet fiyat\u0131 60 tl\u2019 dir.(2021 y\u0131l\u0131) 2-K\u0131r\u015fehir\u2019den: K\u0131r\u015fehir Cumhuriyet \u0130lk ve Ortaokulu kar\u015f\u0131s\u0131nda bulunan Yeni Ufuk Seyahat Acentesi\u2019nden Kaman\u2019a her g\u00fcn saat 08:00-18:00 aras\u0131 minib\u00fcs kald\u0131r\u0131lmaktad\u0131r. Bilet fiyat\u0131 7,5 tl\u2019 dir. 3-Kaman\u2019dan: \u00a0Kaman \u00c7ar\u015f\u0131 Meydan\u0131\u2019nda Toki Minib\u00fcs Dura\u011f\u0131 kar\u015f\u0131s\u0131nda Yelek Dura\u011f\u0131 bulunmaktad\u0131r. Yelek\u2019li k\u00f6yl\u00fclerimiz taraf\u0131ndan i\u015fletilen minib\u00fcslere ya da dolmu\u015f taksilere binerek k\u00f6y\u00fcm\u00fcze ula\u015fabilirsiniz.<\/p>\n","protected":false},"author":2,"featured_media":0,"parent":12,"menu_order":0,"comment_status":"open","ping_status":"open","template":"","meta":{"footnotes":""},"class_list":["post-232","page","type-page","status-publish","hentry"],"_links":{"self":[{"href":"http:\/\/yelekdernegi.net\/tr\/wp-json\/wp\/v2\/pages\/232","targetHints":{"allow":["GET"]}}],"collection":[{"href":"http:\/\/yelekdernegi.net\/tr\/wp-json\/wp\/v2\/pages"}],"about":[{"href":"http:\/\/yelekdernegi.net\/tr\/wp-json\/wp\/v2\/types\/page"}],"author":[{"embeddable":true,"href":"http:\/\/yelekdernegi.net\/tr\/wp-json\/wp\/v2\/users\/2"}],"replies":[{"embeddable":true,"href":"http:\/\/yelekdernegi.net\/tr\/wp-json\/wp\/v2\/comments?post=232"}],"version-history":[{"count":4,"href":"http:\/\/yelekdernegi.net\/tr\/wp-json\/wp\/v2\/pages\/232\/revisions"}],"predecessor-version":[{"id":9501,"href":"http:\/\/yelekdernegi.net\/tr\/wp-json\/wp\/v2\/pages\/232\/revisions\/9501"}],"up":[{"embeddable":true,"href":"http:\/\/yelekdernegi.net\/tr\/wp-json\/wp\/v2\/pages\/12"}],"wp:attachment":[{"href":"http:\/\/yelekdernegi.net\/tr\/wp-json\/wp\/v2\/media?parent=232"}],"curies":[{"name":"wp","href":"https:\/\/api.w.org\/{rel}","templated":true}]}}