{"id":23,"date":"2014-04-20T11:47:53","date_gmt":"2014-04-20T08:47:53","guid":{"rendered":"http:\/\/yelekdernegi.net\/tr\/?page_id=23"},"modified":"2014-12-12T23:42:16","modified_gmt":"2014-12-12T21:42:16","slug":"ziyaretci-defteri","status":"publish","type":"page","link":"http:\/\/yelekdernegi.net\/tr\/ziyaretci-defteri\/","title":{"rendered":"Ziyaret\u00e7i Defteri"},"content":{"rendered":"<h2 style=\"text-align: center;\"><span style=\"text-decoration: underline;\"><span style=\"color: #3366ff;\"><a style=\"color: #3366ff; text-decoration: underline;\" title=\"Z\u0130YARET\u00c7\u0130 DEFTER\u0130\" href=\"http:\/\/zd.gezginler.net\/zd.php?user=sakir_cicek_40\" target=\"_blank\">ESK\u0130 Z\u0130YARET\u00c7\u0130 DEFTER\u0130M\u0130ZDEK\u0130 \u0130LET\u0130LER\u0130 OKUMAK \u0130\u00c7\u0130N TIKLAYINIZ<\/a><\/span><\/span><\/h2>\n","protected":false},"excerpt":{"rendered":"<p>ESK\u0130 Z\u0130YARET\u00c7\u0130 DEFTER\u0130M\u0130ZDEK\u0130 \u0130LET\u0130LER\u0130 OKUMAK \u0130\u00c7\u0130N TIKLAYINIZ<\/p>\n","protected":false},"author":8,"featured_media":0,"parent":0,"menu_order":0,"comment_status":"open","ping_status":"open","template":"","meta":{"footnotes":""},"class_list":["post-23","page","type-page","status-publish","hentry"],"_links":{"self":[{"href":"http:\/\/yelekdernegi.net\/tr\/wp-json\/wp\/v2\/pages\/23","targetHints":{"allow":["GET"]}}],"collection":[{"href":"http:\/\/yelekdernegi.net\/tr\/wp-json\/wp\/v2\/pages"}],"about":[{"href":"http:\/\/yelekdernegi.net\/tr\/wp-json\/wp\/v2\/types\/page"}],"author":[{"embeddable":true,"href":"http:\/\/yelekdernegi.net\/tr\/wp-json\/wp\/v2\/users\/8"}],"replies":[{"embeddable":true,"href":"http:\/\/yelekdernegi.net\/tr\/wp-json\/wp\/v2\/comments?post=23"}],"version-history":[{"count":4,"href":"http:\/\/yelekdernegi.net\/tr\/wp-json\/wp\/v2\/pages\/23\/revisions"}],"predecessor-version":[{"id":849,"href":"http:\/\/yelekdernegi.net\/tr\/wp-json\/wp\/v2\/pages\/23\/revisions\/849"}],"wp:attachment":[{"href":"http:\/\/yelekdernegi.net\/tr\/wp-json\/wp\/v2\/media?parent=23"}],"curies":[{"name":"wp","href":"https:\/\/api.w.org\/{rel}","templated":true}]}}