{"id":11698,"date":"2025-04-16T10:20:20","date_gmt":"2025-04-16T07:20:20","guid":{"rendered":"https:\/\/yelekdernegi.net\/tr\/?page_id=11698"},"modified":"2025-04-16T10:20:20","modified_gmt":"2025-04-16T07:20:20","slug":"dernek-yonetimi-1","status":"publish","type":"page","link":"http:\/\/yelekdernegi.net\/tr\/dernek-yonetimi-1\/","title":{"rendered":"Dernek Y\u00f6netimi-1"},"content":{"rendered":"\n<figure class=\"wp-block-image size-full is-resized\"><img loading=\"lazy\" decoding=\"async\" width=\"75\" height=\"90\" src=\"https:\/\/yelekdernegi.net\/tr\/wp-content\/uploads\/2025\/04\/ssssss.jpg\" alt=\"\" class=\"wp-image-11689\" style=\"width:122px;height:auto\"\/><\/figure>\n\n\n\n<p class=\"has-medium-font-size\">Ahmet MARA\u015e<\/p>\n\n\n\n<p class=\"has-medium-font-size\">Dernek Ba\u015fkan\u0131<\/p>\n","protected":false},"excerpt":{"rendered":"<p>Ahmet MARA\u015e Dernek Ba\u015fkan\u0131<\/p>\n","protected":false},"author":8,"featured_media":0,"parent":0,"menu_order":0,"comment_status":"closed","ping_status":"closed","template":"","meta":{"footnotes":""},"class_list":["post-11698","page","type-page","status-publish","hentry"],"_links":{"self":[{"href":"http:\/\/yelekdernegi.net\/tr\/wp-json\/wp\/v2\/pages\/11698","targetHints":{"allow":["GET"]}}],"collection":[{"href":"http:\/\/yelekdernegi.net\/tr\/wp-json\/wp\/v2\/pages"}],"about":[{"href":"http:\/\/yelekdernegi.net\/tr\/wp-json\/wp\/v2\/types\/page"}],"author":[{"embeddable":true,"href":"http:\/\/yelekdernegi.net\/tr\/wp-json\/wp\/v2\/users\/8"}],"replies":[{"embeddable":true,"href":"http:\/\/yelekdernegi.net\/tr\/wp-json\/wp\/v2\/comments?post=11698"}],"version-history":[{"count":1,"href":"http:\/\/yelekdernegi.net\/tr\/wp-json\/wp\/v2\/pages\/11698\/revisions"}],"predecessor-version":[{"id":11699,"href":"http:\/\/yelekdernegi.net\/tr\/wp-json\/wp\/v2\/pages\/11698\/revisions\/11699"}],"wp:attachment":[{"href":"http:\/\/yelekdernegi.net\/tr\/wp-json\/wp\/v2\/media?parent=11698"}],"curies":[{"name":"wp","href":"https:\/\/api.w.org\/{rel}","templated":true}]}}